{"id":3211,"date":"2025-09-03T11:27:34","date_gmt":"2025-09-03T02:27:34","guid":{"rendered":"https:\/\/wi-th.com\/imprint\/"},"modified":"2025-09-05T17:44:57","modified_gmt":"2025-09-05T08:44:57","slug":"imprimir","status":"publish","type":"page","link":"http:\/\/wi-th.com\/es\/imprimir\/","title":{"rendered":"Aviso Legal"},"content":{"rendered":"<div class=\"wp-block-group\"><div class=\"wp-block-group__inner-container is-layout-constrained wp-block-group-is-layout-constrained\"><\/div><\/div>\n\n\n\n<div class=\"wp-block-group\"><div class=\"wp-block-group__inner-container is-layout-constrained wp-block-group-is-layout-constrained\"><\/div><\/div>\n\n\n\n<div class=\"wp-block-group\"><div class=\"wp-block-group__inner-container is-layout-constrained wp-block-group-is-layout-constrained\"><\/div><\/div>\n\n\n\n\n\n<div class=\"wp-block-group\"><div class=\"wp-block-group__inner-container is-layout-constrained wp-block-group-is-layout-constrained\"><\/div><\/div>\n\n\n\n<div class=\"wp-block-group\"><div class=\"wp-block-group__inner-container is-layout-constrained wp-block-group-is-layout-constrained\">\n<div style=\"height:50px\" aria-hidden=\"true\" class=\"wp-block-spacer\"><\/div>\n\n\n\n<h3 class=\"wp-block-heading\">Informaci\u00f3n del titular del sitio web<\/h3>\n\n\n\n<p><strong>Titular<\/strong>: Hong Juseong (Blog personal)<\/p>\n\n\n\n<p><strong>Direcci\u00f3n<\/strong>Bupyeong-gu, Incheon, Corea<\/p>\n\n\n\n<p><strong>Correo electr\u00f3nico<\/strong>: <a>0juse0ng@gmail.com<\/a><\/p>\n\n\n\n<p><strong>Tel\u00e9fono<\/strong>: +82-070-8762-7984<\/p>\n\n\n\n<div style=\"height:50px\" aria-hidden=\"true\" class=\"wp-block-spacer\"><\/div>\n\n\n\n<h3 class=\"wp-block-heading\">Representante legal<\/h3>\n\n\n\n<p>Hong Juseong<\/p>\n\n\n\n<div style=\"height:50px\" aria-hidden=\"true\" class=\"wp-block-spacer\"><\/div>\n\n\n\n<p>Este blog es un sitio web de car\u00e1cter personal y no comercial, gestionado de forma independiente.<br>El sitio no est\u00e1 dispuesto ni obligado a participar en procedimientos de resoluci\u00f3n de disputas ante juntas arbitrales de consumo u otros organismos de terceros.<\/p>\n\n\n\n<div style=\"height:50px\" aria-hidden=\"true\" class=\"wp-block-spacer\"><\/div>\n<\/div><\/div>\n\n\n\n<div class=\"wp-block-group\"><div class=\"wp-block-group__inner-container is-layout-constrained wp-block-group-is-layout-constrained\"><\/div><\/div>\n\n\n\n\n\n\n\n\n\n\n\n\n\n\n\n\n\n<p><\/p>","protected":false},"excerpt":{"rendered":"<p>\uc6b4\uc601\uc790\uba85: \ud64d\uc8fc\uc131 (\uac1c\uc778 \ube14\ub85c\uadf8) \uc8fc\uc18c: \uc778\ucc9c\uad11\uc5ed\uc2dc \ubd80\ud3c9\uad6c \uc774\uba54\uc77c: 0juse0ng@gmail.com \uc804\ud654\ubc88\ud638: 070-8762-7984 \ub300\ud45c\uc790 \ud64d\uc8fc\uc131 \ubcf8 \ube14\ub85c\uadf8\ub294 \uac1c\uc778\uc774 \uc6b4\uc601\ud558\ub294 \uc0ac\uc774\ud2b8\uc774\uba70, \uc18c\ube44\uc790\ubd84\uc7c1\uc870\uc815\uc704\uc6d0\ud68c \ub4f1 \uc81c3\uc758 \ubd84\uc7c1 \ud574\uacb0 \uc808\ucc28\uc5d0 \ucc38\uc5ec\ud560 <a href=\"http:\/\/wi-th.com\/es\/imprimir\/\" class=\"read-more-link\">[more&#8230;]<\/a><\/p>\n","protected":false},"author":1,"featured_media":0,"parent":0,"menu_order":0,"comment_status":"closed","ping_status":"closed","template":"","meta":{"footnotes":""},"class_list":["post-3211","page","type-page","status-publish","hentry"],"_links":{"self":[{"href":"http:\/\/wi-th.com\/es\/wp-json\/wp\/v2\/pages\/3211","targetHints":{"allow":["GET"]}}],"collection":[{"href":"http:\/\/wi-th.com\/es\/wp-json\/wp\/v2\/pages"}],"about":[{"href":"http:\/\/wi-th.com\/es\/wp-json\/wp\/v2\/types\/page"}],"author":[{"embeddable":true,"href":"http:\/\/wi-th.com\/es\/wp-json\/wp\/v2\/users\/1"}],"replies":[{"embeddable":true,"href":"http:\/\/wi-th.com\/es\/wp-json\/wp\/v2\/comments?post=3211"}],"version-history":[{"count":0,"href":"http:\/\/wi-th.com\/es\/wp-json\/wp\/v2\/pages\/3211\/revisions"}],"wp:attachment":[{"href":"http:\/\/wi-th.com\/es\/wp-json\/wp\/v2\/media?parent=3211"}],"curies":[{"name":"wp","href":"https:\/\/api.w.org\/{rel}","templated":true}]}}